{"id":13437,"date":"2023-02-18T22:12:58","date_gmt":"2023-02-18T19:12:58","guid":{"rendered":"https:\/\/www.innsbruck-airport-taxi.at\/hakkimizda\/"},"modified":"2023-06-16T12:41:24","modified_gmt":"2023-06-16T09:41:24","slug":"about-us","status":"publish","type":"page","link":"https:\/\/www.innsbruck-airport-taxi.at\/en\/about-us\/","title":{"rendered":"About us"},"content":{"rendered":"\r\n<p>Innsbruck Airport Taxi ist ein angesehenes Taxiunternehmen in Tirol und seiner Hauptstadt Innsbruck. Deshalb bieten wir unseren Kunden auch die M\u00f6glichkeit, ihr Auto f\u00fcr die Transfers aus einer bestimmten Fahrzeugklasse auszuw\u00e4hlen. Kunden von Innsbruck Airport Taxi k\u00f6nnen f\u00fcr ihre Transfers einen luxuri\u00f6sen VIP-Wagen buchen. Nat\u00fcrlich stellen wir ihnen auch gerne einen unserer erfahrenen Chauffeure zur Verf\u00fcgung. Als VIP-Fahrzeug bieten wir hochwertige Mercedes Benz Vianos an, in der Regel S- oder E-Klasse. Bitte vergewissern Sie sich, dass Sie bei der Buchung Ihres Transfers den richtigen Fahrzeugtyp angeben, indem Sie unser Buchungsformular verwenden oder uns manuell per E-Mail oder Telefon kontaktieren. Die Zahlung kann in bar oder per Kreditkarte erfolgen, wenn Sie Ihre Transfers beginnen.<\/p>\r\n","protected":false},"excerpt":{"rendered":"<p>Innsbruck Airport Taxi ist ein angesehenes Taxiunternehmen in Tirol und seiner Hauptstadt Innsbruck. Deshalb bieten wir unseren Kunden auch die M\u00f6glichkeit, ihr Auto f\u00fcr die Transfers aus einer bestimmten Fahrzeugklasse auszuw\u00e4hlen. Kunden von Innsbruck Airport Taxi k\u00f6nnen f\u00fcr ihre Transfers einen luxuri\u00f6sen VIP-Wagen buchen. Nat\u00fcrlich stellen wir ihnen auch gerne einen unserer erfahrenen Chauffeure zur [&hellip;]<\/p>\n","protected":false},"author":1,"featured_media":0,"parent":0,"menu_order":0,"comment_status":"closed","ping_status":"open","template":"hakkimizda.php","meta":{"_acf_changed":false,"ngg_post_thumbnail":0,"footnotes":""},"class_list":["post-13437","page","type-page","status-publish","hentry"],"acf":[],"_links":{"self":[{"href":"https:\/\/www.innsbruck-airport-taxi.at\/en\/wp-json\/wp\/v2\/pages\/13437","targetHints":{"allow":["GET"]}}],"collection":[{"href":"https:\/\/www.innsbruck-airport-taxi.at\/en\/wp-json\/wp\/v2\/pages"}],"about":[{"href":"https:\/\/www.innsbruck-airport-taxi.at\/en\/wp-json\/wp\/v2\/types\/page"}],"author":[{"embeddable":true,"href":"https:\/\/www.innsbruck-airport-taxi.at\/en\/wp-json\/wp\/v2\/users\/1"}],"replies":[{"embeddable":true,"href":"https:\/\/www.innsbruck-airport-taxi.at\/en\/wp-json\/wp\/v2\/comments?post=13437"}],"version-history":[{"count":2,"href":"https:\/\/www.innsbruck-airport-taxi.at\/en\/wp-json\/wp\/v2\/pages\/13437\/revisions"}],"predecessor-version":[{"id":13440,"href":"https:\/\/www.innsbruck-airport-taxi.at\/en\/wp-json\/wp\/v2\/pages\/13437\/revisions\/13440"}],"wp:attachment":[{"href":"https:\/\/www.innsbruck-airport-taxi.at\/en\/wp-json\/wp\/v2\/media?parent=13437"}],"curies":[{"name":"wp","href":"https:\/\/api.w.org\/{rel}","templated":true}]}}